{"id":966,"date":"2025-05-30T13:50:15","date_gmt":"2025-05-30T05:50:15","guid":{"rendered":"https:\/\/auramachinery.com\/?post_type=product&#038;p=966"},"modified":"2025-06-12T21:36:27","modified_gmt":"2025-06-12T13:36:27","slug":"cnc-compound-angle-double-head-saw","status":"publish","type":"product","link":"https:\/\/auramachinery.com\/index.php\/product\/cnc-compound-angle-double-head-saw\/","title":{"rendered":"CNC Compound Angle Double Head Saw"},"content":{"rendered":"<p class=\"s13\"><span class=\"s12\"> Main technical parameters:<\/span><\/p>\n<p class=\"s13\"><span class=\"s12\">\u00a01. Cutting length 550-6000mm<\/span><\/p>\n<p class=\"s13\"><span class=\"s12\">\u00a02. Cutting width \u00d7 height (b \u00d7 h) 310 \u00d7 180 mm<\/span><\/p>\n<p class=\"s13\"><span class=\"s12\">\u00a0 \u00a0 \u00a0 \u00a0 \u00a0 \u00a0 \u00a0 \u00a0 \u00a0 \u00a0 \u00a0 \u00a0 \u00a0 \u00a0 \u00a0 \u00a0 \u00a0 \u00a0 \u00a0 \u00a0 \u00a0 \u00a0 350\u00d7150mm<\/span><\/p>\n<p class=\"s13\"><span class=\"s12\">\u00a03. Main motor power 4.0KW \u00d7 2 sets<\/span><\/p>\n<p class=\"s13\"><span class=\"s12\">\u00a04. Main motor speed 2840r\/min<\/span><\/p>\n<p class=\"s13\"><span class=\"s12\">\u00a05. Use saw blade size \u03a6650\u00d7\u03a638\u00d7140T<\/span><\/p>\n<p class=\"s13\"><span class=\"s12\">\u00a06. Saw blade feed speed 0-3m\/min<\/span><\/p>\n<p class=\"s13\"><span class=\"s12\">\u00a07. Saw blade return speed 2-3m\/min<\/span><\/p>\n<p class=\"s13\"><span class=\"s12\">\u00a08. Workbench rotation angle 35\u00b0\uff5e135\u00b0<\/span><\/p>\n<p class=\"s13\"><span class=\"s12\">\u00a09. The saw blade can swing from 90\u00b0 to 45\u00b0<\/span><\/p>\n<p class=\"s13\"><span class=\"s12\">\u00a010. Working air pressure 0.6\uff5e0.8Mpa<\/span><\/p>\n<p class=\"s13\"><span class=\"s12\">\u00a011. Working voltage 380V<\/span><\/p>\n","protected":false},"excerpt":{"rendered":"<p>CNC Compound Angle Double Head Saw<\/p>\n<p class=\"s11\"><span class=\"s10\">1. Equipment use:<\/span><\/p>\n<p class=\"s13\"><span class=\"s12\">\u00a01. Mainly used for cutting industrial profiles, aluminum alloy curtain wall materials, window materials, and can also be used for cutting plastic profiles.<\/span><\/p>\n<p class=\"s13\"><span class=\"s12\">\u00a0 \u00a0 The working table and saw blade can be adjusted to any angle.<\/span><\/p>\n<p class=\"s13\"><span class=\"s12\">\u00a02. Use carbide saw blades with a maximum outer diameter of 650mm, high linear speed and high processing precision.<\/span><\/p>\n<p class=\"s14\"><span class=\"s12\">3. This machine tool adopts the British Cuiou controller, the CNC system with arbitrary rotation of the worktable and arbitrary swing angle of the saw blade, and an enlarged 4KW special motor.<\/span><\/p>\n<p class=\"s15\"><span class=\"s12\">\u00a04. With unique length and angle accuracy compensation function, the length and angle positioning dimensions are accurate, which is more suitable for the cutting of industrial profiles, aluminum curtain wall materials of oversized sizes and various arbitrary angles, as well as the cutting of aluminum curtain wall compound angles.<\/span><\/p>\n","protected":false},"featured_media":967,"comment_status":"open","ping_status":"closed","template":"","meta":{"_kad_blocks_custom_css":"","_kad_blocks_head_custom_js":"","_kad_blocks_body_custom_js":"","_kad_blocks_footer_custom_js":"","_kad_post_transparent":"default","_kad_post_title":"","_kad_post_layout":"default","_kad_post_sidebar_id":"","_kad_post_content_style":"default","_kad_post_vertical_padding":"default","_kad_post_feature":"","_kad_post_feature_position":"","_kad_post_header":false,"_kad_post_footer":false},"product_brand":[],"product_cat":[19],"product_tag":[],"class_list":{"0":"post-966","1":"product","2":"type-product","3":"status-publish","4":"has-post-thumbnail","6":"product_cat-windows-and-doors","8":"first","9":"instock","10":"shipping-taxable","11":"product-type-simple","12":"entry","13":"content-bg","14":"loop-entry"},"taxonomy_info":{"product_cat":[{"value":19,"label":"windows and doors"}]},"featured_image_src_large":["https:\/\/auramachinery.com\/wp-content\/uploads\/2025\/05\/CNC-Compound-Angle-Double-Head-Saw-1024x481.png",1024,481,true],"author_info":[],"comment_info":0,"_links":{"self":[{"href":"https:\/\/auramachinery.com\/index.php\/wp-json\/wp\/v2\/product\/966","targetHints":{"allow":["GET"]}}],"collection":[{"href":"https:\/\/auramachinery.com\/index.php\/wp-json\/wp\/v2\/product"}],"about":[{"href":"https:\/\/auramachinery.com\/index.php\/wp-json\/wp\/v2\/types\/product"}],"replies":[{"embeddable":true,"href":"https:\/\/auramachinery.com\/index.php\/wp-json\/wp\/v2\/comments?post=966"}],"wp:featuredmedia":[{"embeddable":true,"href":"https:\/\/auramachinery.com\/index.php\/wp-json\/wp\/v2\/media\/967"}],"wp:attachment":[{"href":"https:\/\/auramachinery.com\/index.php\/wp-json\/wp\/v2\/media?parent=966"}],"wp:term":[{"taxonomy":"product_brand","embeddable":true,"href":"https:\/\/auramachinery.com\/index.php\/wp-json\/wp\/v2\/product_brand?post=966"},{"taxonomy":"product_cat","embeddable":true,"href":"https:\/\/auramachinery.com\/index.php\/wp-json\/wp\/v2\/product_cat?post=966"},{"taxonomy":"product_tag","embeddable":true,"href":"https:\/\/auramachinery.com\/index.php\/wp-json\/wp\/v2\/product_tag?post=966"}],"curies":[{"name":"wp","href":"https:\/\/api.w.org\/{rel}","templated":true}]}}